{"id":14251,"date":"2023-12-20T21:29:40","date_gmt":"2023-12-20T20:29:40","guid":{"rendered":"http:\/\/www.concentus21.at\/?page_id=14251"},"modified":"2024-08-22T14:20:46","modified_gmt":"2024-08-22T12:20:46","slug":"probenplan-neu","status":"publish","type":"page","link":"https:\/\/www.concentus21.at\/en\/probenplan-neu\/","title":{"rendered":"Probenplan"},"content":{"rendered":"<h2 class=\"wp-block-heading\">Probenplan<\/h2>\n\n\n\n<p>Folgende Probentermine sind bereits f\u00fcr das n\u00e4chste Konzert geplant. Bitte beachtet, dass ggf noch weitere Probentermine hinzukommen k\u00f6nnen.<\/p>\n\n\n\n<p><strong>Die Teilnahme insbesondere an den Registerproben ist verpflichtend zum Mitspielen beim jeweiligen Konzert! Bitte also auch diese Termine entsprechend einplanen. <\/strong><\/p>\n\n\n\n<p>Die Noten f\u00fcr das Konzert findet ihr in der Konzertmeister App unter &#8222;Dateien&#8220;. <\/p>\n\n\n\n<iframe id=\"kmAppointmentListFrame\" style=\"display:block;box-sizing:border-box;width:100%;max-width:745px;margin:0 auto;border:solid 1px #bbb;\" src=\"https:\/\/rest.konzertmeister.app\/api\/v3\/org\/OALS_0a1529b5-57dc-4d74-ac71-89fcb0adea27\/upcomingappointments?types=1,2&#038;limit=100&#038;display=light&#038;hash=60d523de4e7ea350ff18d763fba21be0033a59ac422b3abd6b0d85ce5b7ebd93\"><\/iframe><script>window.addEventListener('message', function(event) { var frame = document.getElementById('kmAppointmentListFrame'); if (event && event.data && event.data.kmAppointmentListHeight && typeof event.data.kmAppointmentListHeight === 'number' && frame) { var borderWidth = isNaN(frame.style.borderWidth.replace('px', '')) ? 0 : parseInt(frame.style.borderWidth.replace('px', ''), 10);document.getElementById('kmAppointmentListFrame').style.height = event.data.kmAppointmentListHeight + 2 * borderWidth + 'px';}});<\/script>","protected":false},"excerpt":{"rendered":"<p>Probenplan Folgende Probentermine sind bereits f\u00fcr das n\u00e4chste Konzert geplant. Bitte beachtet, dass ggf noch weitere Probentermine hinzukommen k\u00f6nnen. Die Teilnahme insbesondere an den Registerproben ist verpflichtend zum Mitspielen beim jeweiligen Konzert! Bitte also&#46;&#46;&#46;<\/p>","protected":false},"author":1,"featured_media":14255,"parent":0,"menu_order":0,"comment_status":"closed","ping_status":"closed","template":"","meta":{"advgb_blocks_editor_width":"","advgb_blocks_columns_visual_guide":"","ngg_post_thumbnail":0,"footnotes":""},"class_list":["post-14251","page","type-page","status-publish","has-post-thumbnail","hentry"],"yoast_head":"<!-- This site is optimized with the Yoast SEO plugin v27.3 - https:\/\/yoast.com\/product\/yoast-seo-wordpress\/ -->\n<title>Probenplan n\u00e4chstes Konzert<\/title>\n<meta name=\"description\" content=\"Hier finden Sie den jeweils aktuellen Probenplan f\u00fcr die n\u00e4chsten Konzerte des Concentus21 Wien inklusive jeweiligem Probenprogramm.\" \/>\n<meta name=\"robots\" content=\"index, follow, max-snippet:-1, max-image-preview:large, max-video-preview:-1\" \/>\n<link rel=\"canonical\" href=\"https:\/\/www.concentus21.at\/en\/probenplan-neu\/\" \/>\n<meta property=\"og:locale\" content=\"en_US\" \/>\n<meta property=\"og:type\" content=\"article\" \/>\n<meta property=\"og:title\" content=\"Probenplan n\u00e4chstes Konzert\" \/>\n<meta property=\"og:description\" content=\"Hier finden Sie den jeweils aktuellen Probenplan f\u00fcr die n\u00e4chsten Konzerte des Concentus21 Wien inklusive jeweiligem Probenprogramm.\" \/>\n<meta property=\"og:url\" content=\"https:\/\/www.concentus21.at\/en\/probenplan-neu\/\" \/>\n<meta property=\"og:site_name\" content=\"Orchesterverein Concentus21\" \/>\n<meta property=\"article:publisher\" content=\"http:\/\/www.facebook.com\/concentus21\" \/>\n<meta property=\"article:modified_time\" content=\"2024-08-22T12:20:46+00:00\" \/>\n<meta property=\"og:image\" content=\"https:\/\/www.concentus21.at\/wp-content\/uploads\/2023\/12\/305770476_547318910524231_2803629205527229567_n.png\" \/>\n\t<meta property=\"og:image:width\" content=\"1640\" \/>\n\t<meta property=\"og:image:height\" content=\"924\" \/>\n\t<meta property=\"og:image:type\" content=\"image\/png\" \/>\n<meta name=\"twitter:card\" content=\"summary_large_image\" \/>\n<meta name=\"twitter:site\" content=\"@concentus21\" \/>\n<meta name=\"twitter:label1\" content=\"Est. reading time\" \/>\n\t<meta name=\"twitter:data1\" content=\"1 minute\" \/>\n<script type=\"application\/ld+json\" class=\"yoast-schema-graph\">{\"@context\":\"https:\\\/\\\/schema.org\",\"@graph\":[{\"@type\":\"WebPage\",\"@id\":\"https:\\\/\\\/www.concentus21.at\\\/probenplan-neu\\\/\",\"url\":\"https:\\\/\\\/www.concentus21.at\\\/probenplan-neu\\\/\",\"name\":\"Probenplan n\u00e4chstes Konzert\",\"isPartOf\":{\"@id\":\"https:\\\/\\\/www.concentus21.at\\\/en\\\/#website\"},\"primaryImageOfPage\":{\"@id\":\"https:\\\/\\\/www.concentus21.at\\\/probenplan-neu\\\/#primaryimage\"},\"image\":{\"@id\":\"https:\\\/\\\/www.concentus21.at\\\/probenplan-neu\\\/#primaryimage\"},\"thumbnailUrl\":\"https:\\\/\\\/www.concentus21.at\\\/wp-content\\\/uploads\\\/2023\\\/12\\\/305770476_547318910524231_2803629205527229567_n.png\",\"datePublished\":\"2023-12-20T20:29:40+00:00\",\"dateModified\":\"2024-08-22T12:20:46+00:00\",\"description\":\"Hier finden Sie den jeweils aktuellen Probenplan f\u00fcr die n\u00e4chsten Konzerte des Concentus21 Wien inklusive jeweiligem Probenprogramm.\",\"breadcrumb\":{\"@id\":\"https:\\\/\\\/www.concentus21.at\\\/probenplan-neu\\\/#breadcrumb\"},\"inLanguage\":\"en-US\",\"potentialAction\":[{\"@type\":\"ReadAction\",\"target\":[\"https:\\\/\\\/www.concentus21.at\\\/probenplan-neu\\\/\"]}]},{\"@type\":\"ImageObject\",\"inLanguage\":\"en-US\",\"@id\":\"https:\\\/\\\/www.concentus21.at\\\/probenplan-neu\\\/#primaryimage\",\"url\":\"https:\\\/\\\/www.concentus21.at\\\/wp-content\\\/uploads\\\/2023\\\/12\\\/305770476_547318910524231_2803629205527229567_n.png\",\"contentUrl\":\"https:\\\/\\\/www.concentus21.at\\\/wp-content\\\/uploads\\\/2023\\\/12\\\/305770476_547318910524231_2803629205527229567_n.png\",\"width\":1640,\"height\":924},{\"@type\":\"BreadcrumbList\",\"@id\":\"https:\\\/\\\/www.concentus21.at\\\/probenplan-neu\\\/#breadcrumb\",\"itemListElement\":[{\"@type\":\"ListItem\",\"position\":1,\"name\":\"Startseite\",\"item\":\"https:\\\/\\\/www.concentus21.at\\\/\"},{\"@type\":\"ListItem\",\"position\":2,\"name\":\"Probenplan\"}]},{\"@type\":\"WebSite\",\"@id\":\"https:\\\/\\\/www.concentus21.at\\\/en\\\/#website\",\"url\":\"https:\\\/\\\/www.concentus21.at\\\/en\\\/\",\"name\":\"Concentus21\",\"description\":\"Orchesterverein in Wien gegr\u00fcndet 2004\",\"publisher\":{\"@id\":\"https:\\\/\\\/www.concentus21.at\\\/en\\\/#organization\"},\"potentialAction\":[{\"@type\":\"SearchAction\",\"target\":{\"@type\":\"EntryPoint\",\"urlTemplate\":\"https:\\\/\\\/www.concentus21.at\\\/en\\\/?s={search_term_string}\"},\"query-input\":{\"@type\":\"PropertyValueSpecification\",\"valueRequired\":true,\"valueName\":\"search_term_string\"}}],\"inLanguage\":\"en-US\"},{\"@type\":\"Organization\",\"@id\":\"https:\\\/\\\/www.concentus21.at\\\/en\\\/#organization\",\"name\":\"Concentus21\",\"url\":\"https:\\\/\\\/www.concentus21.at\\\/en\\\/\",\"logo\":{\"@type\":\"ImageObject\",\"inLanguage\":\"en-US\",\"@id\":\"https:\\\/\\\/www.concentus21.at\\\/en\\\/#\\\/schema\\\/logo\\\/image\\\/\",\"url\":\"https:\\\/\\\/www.concentus21.at\\\/wp-content\\\/uploads\\\/2018\\\/03\\\/cropped-concentus-weiss.jpg\",\"contentUrl\":\"https:\\\/\\\/www.concentus21.at\\\/wp-content\\\/uploads\\\/2018\\\/03\\\/cropped-concentus-weiss.jpg\",\"width\":1584,\"height\":393,\"caption\":\"Concentus21\"},\"image\":{\"@id\":\"https:\\\/\\\/www.concentus21.at\\\/en\\\/#\\\/schema\\\/logo\\\/image\\\/\"},\"sameAs\":[\"http:\\\/\\\/www.facebook.com\\\/concentus21\",\"https:\\\/\\\/x.com\\\/concentus21\",\"https:\\\/\\\/www.instagram.com\\\/concentus21_wien\\\/\",\"https:\\\/\\\/www.youtube.com\\\/@concentus21wien86\"]}]}<\/script>\n<!-- \/ Yoast SEO plugin. -->","yoast_head_json":{"title":"Probenplan n\u00e4chstes Konzert","description":"Hier finden Sie den jeweils aktuellen Probenplan f\u00fcr die n\u00e4chsten Konzerte des Concentus21 Wien inklusive jeweiligem Probenprogramm.","robots":{"index":"index","follow":"follow","max-snippet":"max-snippet:-1","max-image-preview":"max-image-preview:large","max-video-preview":"max-video-preview:-1"},"canonical":"https:\/\/www.concentus21.at\/en\/probenplan-neu\/","og_locale":"en_US","og_type":"article","og_title":"Probenplan n\u00e4chstes Konzert","og_description":"Hier finden Sie den jeweils aktuellen Probenplan f\u00fcr die n\u00e4chsten Konzerte des Concentus21 Wien inklusive jeweiligem Probenprogramm.","og_url":"https:\/\/www.concentus21.at\/en\/probenplan-neu\/","og_site_name":"Orchesterverein Concentus21","article_publisher":"http:\/\/www.facebook.com\/concentus21","article_modified_time":"2024-08-22T12:20:46+00:00","og_image":[{"width":1640,"height":924,"url":"https:\/\/www.concentus21.at\/wp-content\/uploads\/2023\/12\/305770476_547318910524231_2803629205527229567_n.png","type":"image\/png"}],"twitter_card":"summary_large_image","twitter_site":"@concentus21","twitter_misc":{"Est. reading time":"1 minute"},"schema":{"@context":"https:\/\/schema.org","@graph":[{"@type":"WebPage","@id":"https:\/\/www.concentus21.at\/probenplan-neu\/","url":"https:\/\/www.concentus21.at\/probenplan-neu\/","name":"Probenplan n\u00e4chstes Konzert","isPartOf":{"@id":"https:\/\/www.concentus21.at\/en\/#website"},"primaryImageOfPage":{"@id":"https:\/\/www.concentus21.at\/probenplan-neu\/#primaryimage"},"image":{"@id":"https:\/\/www.concentus21.at\/probenplan-neu\/#primaryimage"},"thumbnailUrl":"https:\/\/www.concentus21.at\/wp-content\/uploads\/2023\/12\/305770476_547318910524231_2803629205527229567_n.png","datePublished":"2023-12-20T20:29:40+00:00","dateModified":"2024-08-22T12:20:46+00:00","description":"Hier finden Sie den jeweils aktuellen Probenplan f\u00fcr die n\u00e4chsten Konzerte des Concentus21 Wien inklusive jeweiligem Probenprogramm.","breadcrumb":{"@id":"https:\/\/www.concentus21.at\/probenplan-neu\/#breadcrumb"},"inLanguage":"en-US","potentialAction":[{"@type":"ReadAction","target":["https:\/\/www.concentus21.at\/probenplan-neu\/"]}]},{"@type":"ImageObject","inLanguage":"en-US","@id":"https:\/\/www.concentus21.at\/probenplan-neu\/#primaryimage","url":"https:\/\/www.concentus21.at\/wp-content\/uploads\/2023\/12\/305770476_547318910524231_2803629205527229567_n.png","contentUrl":"https:\/\/www.concentus21.at\/wp-content\/uploads\/2023\/12\/305770476_547318910524231_2803629205527229567_n.png","width":1640,"height":924},{"@type":"BreadcrumbList","@id":"https:\/\/www.concentus21.at\/probenplan-neu\/#breadcrumb","itemListElement":[{"@type":"ListItem","position":1,"name":"Startseite","item":"https:\/\/www.concentus21.at\/"},{"@type":"ListItem","position":2,"name":"Probenplan"}]},{"@type":"WebSite","@id":"https:\/\/www.concentus21.at\/en\/#website","url":"https:\/\/www.concentus21.at\/en\/","name":"Concentus21","description":"Orchesterverein in Wien gegr\u00fcndet 2004","publisher":{"@id":"https:\/\/www.concentus21.at\/en\/#organization"},"potentialAction":[{"@type":"SearchAction","target":{"@type":"EntryPoint","urlTemplate":"https:\/\/www.concentus21.at\/en\/?s={search_term_string}"},"query-input":{"@type":"PropertyValueSpecification","valueRequired":true,"valueName":"search_term_string"}}],"inLanguage":"en-US"},{"@type":"Organization","@id":"https:\/\/www.concentus21.at\/en\/#organization","name":"Concentus21","url":"https:\/\/www.concentus21.at\/en\/","logo":{"@type":"ImageObject","inLanguage":"en-US","@id":"https:\/\/www.concentus21.at\/en\/#\/schema\/logo\/image\/","url":"https:\/\/www.concentus21.at\/wp-content\/uploads\/2018\/03\/cropped-concentus-weiss.jpg","contentUrl":"https:\/\/www.concentus21.at\/wp-content\/uploads\/2018\/03\/cropped-concentus-weiss.jpg","width":1584,"height":393,"caption":"Concentus21"},"image":{"@id":"https:\/\/www.concentus21.at\/en\/#\/schema\/logo\/image\/"},"sameAs":["http:\/\/www.facebook.com\/concentus21","https:\/\/x.com\/concentus21","https:\/\/www.instagram.com\/concentus21_wien\/","https:\/\/www.youtube.com\/@concentus21wien86"]}]}},"coauthors":[],"author_meta":{"author_link":"https:\/\/www.concentus21.at\/en\/author\/admin\/","display_name":"Concentus21"},"relative_dates":{"created":"Posted 2 years ago","modified":"Updated 2 years ago"},"absolute_dates":{"created":"Posted on 20. December 2023","modified":"Updated on 22. August 2024"},"absolute_dates_time":{"created":"Posted on 20. December 2023 21:29","modified":"Updated on 22. August 2024 14:20"},"featured_img_caption":"","featured_img":"https:\/\/www.concentus21.at\/wp-content\/uploads\/2023\/12\/305770476_547318910524231_2803629205527229567_n.png","series_order":"","_links":{"self":[{"href":"https:\/\/www.concentus21.at\/en\/wp-json\/wp\/v2\/pages\/14251","targetHints":{"allow":["GET"]}}],"collection":[{"href":"https:\/\/www.concentus21.at\/en\/wp-json\/wp\/v2\/pages"}],"about":[{"href":"https:\/\/www.concentus21.at\/en\/wp-json\/wp\/v2\/types\/page"}],"author":[{"embeddable":true,"href":"https:\/\/www.concentus21.at\/en\/wp-json\/wp\/v2\/users\/1"}],"replies":[{"embeddable":true,"href":"https:\/\/www.concentus21.at\/en\/wp-json\/wp\/v2\/comments?post=14251"}],"version-history":[{"count":0,"href":"https:\/\/www.concentus21.at\/en\/wp-json\/wp\/v2\/pages\/14251\/revisions"}],"wp:featuredmedia":[{"embeddable":true,"href":"https:\/\/www.concentus21.at\/en\/wp-json\/wp\/v2\/media\/14255"}],"wp:attachment":[{"href":"https:\/\/www.concentus21.at\/en\/wp-json\/wp\/v2\/media?parent=14251"}],"curies":[{"name":"wp","href":"https:\/\/api.w.org\/{rel}","templated":true}]}}