{"id":858,"date":"2017-11-05T09:52:46","date_gmt":"2017-11-05T08:52:46","guid":{"rendered":"http:\/\/www.concentus21.at\/?page_id=858"},"modified":"2026-01-26T09:20:47","modified_gmt":"2026-01-26T08:20:47","slug":"mitspielen","status":"publish","type":"page","link":"https:\/\/www.concentus21.at\/en\/mitspielen\/","title":{"rendered":"Mitglied werden im Orchester Concentus21"},"content":{"rendered":"<h1>Mitglied werden im Orchester Concentus21<\/h1>\n\n\n\n<p>Der Concentus21 ist ein ambitioniertes Amateurorchester unter Leitung von Herbert Krenn. Wir geben pro Jahr \u00fcblicherweise 3 Konzerte (Fr\u00fchling-, Sommer- und Herbstkonzert). Dazu proben wir grunds\u00e4tzlich Montagabends von 19:15 Uhr bis ca. 21:30 Uhr in der Krypta der Canisiuskirche (Pulverturmgasse 11, 1090 Wien). Die geplanten Proben und der Probeninhalt werden auf der Webseite im <a href=\"http:\/\/www.concentus21.at\/en\/probenplan\/\">Probenplan <\/a>ver\u00f6ffentlicht, so dass man sich auf die entsprechenden Proben vorbereiten kann. <\/p>\n\n\n\n<p>Neue Mitspieler, die unsere Freude am Musizieren teilen, sind uns nach Absprache jederzeit willkommen. Der Einstieg im Orchester beginnt bei uns nicht mit einem Vorspiel, sondern einer Probezeit. Nach erfolgreicher Beendigung der Probezeit werden neue Mitspieler:innen dann auf Einladung des Vorstands Mitglieder im Orchesterverein Concentus21. <\/p>\n\n\n\n<p>Der Einstieg f\u00fcr interessierte Mitspieler:innen aller Orchesterinstrumente ist jeweils ab Beginn der jeweiligen Probenphase m\u00f6glich (im September f\u00fcr die Konzerte im Dezember, im J\u00e4nner f\u00fcr Konzert im M\u00e4rz, im April f\u00fcr Konzert im Juni). Bei Interesse  nehmen Sie bitte \u00fcber das nachfolgende Formular Kontakt mit uns auf oder schicken Sie eine Email an <a href=\"mailto:mitspielen@concentus21.at\">mitspielen@concentus21.at<\/a>.<\/p>\n\n\n\n<h2 class=\"wp-block-heading\">Offene Stimmen<\/h2>\n\n\n\n<div class=\"wp-block-columns is-layout-flex wp-container-core-columns-is-layout-9d6595d7 wp-block-columns-is-layout-flex\">\n<div class=\"wp-block-column is-layout-flow wp-block-column-is-layout-flow\" style=\"flex-basis:50%\">\n<p>Interessierte Mitspieler:innen k\u00f6nnen sich gerne \u00fcber das Formular bei uns melden. <br>Im Moment suchen wir insbesondere:<\/p>\n\n\n\n<ul class=\"wp-block-list\">\n<li>Streicher (au\u00dfer Cello)<\/li>\n\n\n\n<li>Fagotte<\/li>\n\n\n\n<li>Schlagwerk\/Pauke<\/li>\n<\/ul>\n<\/div>\n\n\n\n<div class=\"wp-block-column is-layout-flow wp-block-column-is-layout-flow\" style=\"flex-basis:50%\">\n<figure class=\"wp-block-image size-large\"><img loading=\"lazy\" decoding=\"async\" width=\"1024\" height=\"724\" src=\"https:\/\/www.concentus21.at\/wp-content\/uploads\/2024\/11\/Mitspielen-1024x724.png\" alt=\"\" class=\"wp-image-14934\" srcset=\"https:\/\/www.concentus21.at\/wp-content\/uploads\/2024\/11\/Mitspielen-1024x724.png 1024w, https:\/\/www.concentus21.at\/wp-content\/uploads\/2024\/11\/Mitspielen-300x212.png 300w, https:\/\/www.concentus21.at\/wp-content\/uploads\/2024\/11\/Mitspielen-768x543.png 768w, https:\/\/www.concentus21.at\/wp-content\/uploads\/2024\/11\/Mitspielen-1536x1086.png 1536w, https:\/\/www.concentus21.at\/wp-content\/uploads\/2024\/11\/Mitspielen-18x12.png 18w, https:\/\/www.concentus21.at\/wp-content\/uploads\/2024\/11\/Mitspielen.png 1754w\" sizes=\"auto, (max-width: 1024px) 100vw, 1024px\" \/><\/figure>\n<\/div>\n<\/div>\n\n\n\n<p><\/p>\n\n\n\n<p>Bitte beachten Sie: Abh\u00e4ngig vom jeweiligen Konzertprogramm spielen wir in wechselnder Besetzung. Deshalb kann es sein, dass nicht jedes genannte Instrument gerade ben\u00f6tigt wird. Hierzu und zum m\u00f6glichen Zeitpunkt des Einstiegs kontaktieren Sie uns bitte unter <a href=\"mailto:mitspielen@concentus21.at\" target=\"_blank\" rel=\"noreferrer noopener\">mitspielen@concentus21.at<\/a> .<\/p>\n\n\n\n<div class=\"wpcf7 no-js\" id=\"wpcf7-f857-o1\" lang=\"de-DE\" dir=\"ltr\" data-wpcf7-id=\"857\">\n<div class=\"screen-reader-response\"><p role=\"status\" aria-live=\"polite\" aria-atomic=\"true\"><\/p> <ul><\/ul><\/div>\n<form action=\"\/en\/wp-json\/wp\/v2\/pages\/858#wpcf7-f857-o1\" method=\"post\" class=\"wpcf7-form init\" aria-label=\"Kontaktformular\" novalidate=\"novalidate\" data-status=\"init\" data-trp-original-action=\"\/en\/wp-json\/wp\/v2\/pages\/858#wpcf7-f857-o1\">\n<fieldset class=\"hidden-fields-container\"><input type=\"hidden\" name=\"_wpcf7\" value=\"857\" \/><input type=\"hidden\" name=\"_wpcf7_version\" value=\"6.1.5\" \/><input type=\"hidden\" name=\"_wpcf7_locale\" value=\"de_DE\" \/><input type=\"hidden\" name=\"_wpcf7_unit_tag\" value=\"wpcf7-f857-o1\" \/><input type=\"hidden\" name=\"_wpcf7_container_post\" value=\"0\" \/><input type=\"hidden\" name=\"_wpcf7_posted_data_hash\" value=\"\" \/><input type=\"hidden\" name=\"_wpcf7_recaptcha_response\" value=\"\" \/>\n<\/fieldset>\n<table style=\"background-color: #D3D3D3;border: thin solid #BE4743\">\n\t<tbody style=\"text-align: left\">\n\t\t<tr>\n\t\t\t<td style=\"text-align: left;background-color: #D3D3D3\">\n\t\t\t\t<p><label>Mein Instrument* <span class=\"wpcf7-form-control-wrap\" data-name=\"Instrument\"><select class=\"wpcf7-form-control wpcf7-select wpcf7-validates-as-required\" aria-required=\"true\" aria-invalid=\"false\" name=\"Instrument\"><option value=\"Fagott\">Fagott<\/option><option value=\"Fl\u00f6te\">Fl\u00f6te<\/option><option value=\"Horn\">Horn<\/option><option value=\"Klarinette\">Klarinette<\/option><option value=\"Kontrabass\">Kontrabass<\/option><option value=\"Oboe\">Oboe<\/option><option value=\"Pauke\">Pauke<\/option><option value=\"Posaune\">Posaune<\/option><option value=\"Schlagwerk\">Schlagwerk<\/option><option value=\"Trompete\">Trompete<\/option><option value=\"Violine\">Violine<\/option><option value=\"Viola\">Viola<\/option><option value=\"Violoncello\">Violoncello<\/option><\/select><\/span> <\/label>\n\t\t\t\t<\/p>\n\t\t\t<\/td>\n\t\t<\/tr>\n\t\t<tr>\n\t\t\t<td style=\"text-align: left;background-color: #D3D3D3\">\n\t\t\t\t<p><label>Musikalischer Hintergrund <span class=\"wpcf7-form-control-wrap\" data-name=\"message\"><textarea cols=\"40\" rows=\"10\" maxlength=\"2000\" class=\"wpcf7-form-control wpcf7-textarea\" aria-invalid=\"false\" name=\"message\"><\/textarea><\/span> <\/label>\n\t\t\t\t<\/p>\n\t\t\t<\/td>\n\t\t<\/tr>\n\t\t<tr>\n\t\t\t<td style=\"text-align: left;background-color: #D3D3D3\">\n\t\t\t\t<p><label>E-Mail* <span class=\"wpcf7-form-control-wrap\" data-name=\"your-email\"><input size=\"40\" maxlength=\"400\" class=\"wpcf7-form-control wpcf7-email wpcf7-validates-as-required wpcf7-text wpcf7-validates-as-email\" aria-required=\"true\" aria-invalid=\"false\" value=\"\" type=\"email\" name=\"your-email\" \/><\/span> <\/label>\n\t\t\t\t<\/p>\n\t\t\t<\/td>\n\t\t<\/tr>\n\t\t<tr>\n\t\t\t<td style=\"text-align: left;background-color: #D3D3D3\">\n\t\t\t\t<p><input class=\"wpcf7-form-control wpcf7-submit has-spinner\" type=\"submit\" value=\"Senden\" \/>\n\t\t\t\t<\/p>\n\t\t\t<\/td>\n\t\t<\/tr>\n\t<\/tbody>\n<\/table>\n<table>\n<\/table><div class=\"wpcf7-response-output\" aria-hidden=\"true\"><\/div>\n<input type=\"hidden\" name=\"trp-form-language\" value=\"en\"\/><\/form>\n<\/div>\n\n\n\n\n<h2 class=\"wp-block-heading\">Voraussetzungen zum Mitspielen<\/h2>\n\n\n\n<p>Um bei uns mitspielen zu k\u00f6nnen, sollten die folgenden Voraussetzungen erf\u00fcllt sein:<\/p>\n\n\n\n<ul class=\"wp-block-list\">\n<li>Sie beherrschen ein Orchesterinstrument sehr gut. (z.B. Violine, Viola, Violoncello, Kontrabass, Fl\u00f6te, Oboe, Fagott, Klarinette, Trompete, Posaune, Horn, Pauke, Schlagwerk) <\/li>\n\n\n\n<li>Regelm\u00e4\u00dfige Teilnahme an den Proben Montagabends um 19:15 Uhr laut <a href=\"https:\/\/www.concentus21.at\/en\/probenplan\/\">Probenplan<\/a> ist kein Problem f\u00fcr Sie (regelm\u00e4\u00dfige Probenteilnahme ist verpflichtend!) <\/li>\n\n\n\n<li>Regelm\u00e4\u00dfiges \u00dcben des Programms auch au\u00dferhalb der Proben ist f\u00fcr Sie selbstverst\u00e4ndlich. <\/li>\n\n\n\n<li>Sie werden den Verein unterst\u00fctzen und die Pflichten eines Vereinsmitglieds wahrnehmen. Dazu geh\u00f6rt insbesondere Werbung f\u00fcr die Konzerte zu machen und aktiv Karten an Freunde, Familie, Arbeitskollegen und andere interessierte Menschen zu verkaufen. <\/li>\n\n\n\n<li>Als Vereinsmitglied entrichten Sie den j\u00e4hrlich f\u00e4lligen Mitgliedsbeitrag. <\/li>\n<\/ul>\n\n\n\n<h2 class=\"wp-block-heading\">Probezeit im Orchester<\/h2>\n\n\n\n<p>Im Gegensatz zu anderen Orchestern ist bei uns kein Probespiel erforderlich, da bei uns nicht das einzelne spielerische K\u00f6nnen im Mittelpunkt steht. Stattdessen legen wir Wert auf das Zusammenspiel im Ensemble sowie das gute Miteinander. Deshalb beginnt der Aufnahmeprozess mit der ersten Abstimmung mit musikalischem Leiter oder Konzertmeisterin. Danach folgt ggf. die Einladung mit uns zu proben, womit die <strong>Probezeit <\/strong>im Orchester beginnt. Schlie\u00dflich entscheidet der Orchestervorstand \u00fcber die endg\u00fcltige Aufnahme in das Orchester und zwar \u00fcblicherweise sp\u00e4testens nach dem ersten mitgespielten Konzert. Anschlie\u00dfend werden sie durch die Aufnahme in das Orchester gleichzeitig als ordentliches Mitglied in den Orchesterverein Concentus21 Wien aufgenommen. <\/p>\n\n\n\n<p><\/p>\n\n\n\n<p><\/p>","protected":false},"excerpt":{"rendered":"<p>Mitglied werden im Orchester Concentus21 Der Concentus21 ist ein ambitioniertes Amateurorchester unter Leitung von Herbert Krenn. Wir geben pro Jahr \u00fcblicherweise 3 Konzerte (Fr\u00fchling-, Sommer- und Herbstkonzert). Dazu proben wir grunds\u00e4tzlich Montagabends von 19:15&#46;&#46;&#46;<\/p>","protected":false},"author":1,"featured_media":3465,"parent":0,"menu_order":0,"comment_status":"closed","ping_status":"closed","template":"","meta":{"advgb_blocks_editor_width":"","advgb_blocks_columns_visual_guide":"","ngg_post_thumbnail":0,"footnotes":""},"class_list":["post-858","page","type-page","status-publish","has-post-thumbnail","hentry"],"yoast_head":"<!-- This site is optimized with the Yoast SEO plugin v27.3 - https:\/\/yoast.com\/product\/yoast-seo-wordpress\/ -->\n<title>Mitspielen im Orchester Concentus21 Wien - So geht&#039;s!<\/title>\n<meta name=\"description\" content=\"Sie m\u00f6chten bei uns mitspielen und Mitglied im Orchester Concentus21 werden? Dann nehmen Sie Kontakt mit uns auf.\" \/>\n<meta name=\"robots\" content=\"index, follow, max-snippet:-1, max-image-preview:large, max-video-preview:-1\" \/>\n<link rel=\"canonical\" href=\"https:\/\/www.concentus21.at\/en\/mitspielen\/\" \/>\n<meta property=\"og:locale\" content=\"en_US\" \/>\n<meta property=\"og:type\" content=\"article\" \/>\n<meta property=\"og:title\" content=\"Mitspielen im Orchester Concentus21 Wien - So geht&#039;s!\" \/>\n<meta property=\"og:description\" content=\"Sie m\u00f6chten bei uns mitspielen und Mitglied im Orchester Concentus21 werden? Dann nehmen Sie Kontakt mit uns auf.\" \/>\n<meta property=\"og:url\" content=\"https:\/\/www.concentus21.at\/en\/mitspielen\/\" \/>\n<meta property=\"og:site_name\" content=\"Orchesterverein Concentus21\" \/>\n<meta property=\"article:publisher\" content=\"http:\/\/www.facebook.com\/concentus21\" \/>\n<meta property=\"article:modified_time\" content=\"2026-01-26T08:20:47+00:00\" \/>\n<meta property=\"og:image\" content=\"https:\/\/www.concentus21.at\/wp-content\/uploads\/2019\/11\/2-Mitspieler-gesucht-page-001.jpg\" \/>\n\t<meta property=\"og:image:width\" content=\"1794\" \/>\n\t<meta property=\"og:image:height\" content=\"1288\" \/>\n\t<meta property=\"og:image:type\" content=\"image\/jpeg\" \/>\n<meta name=\"twitter:card\" content=\"summary_large_image\" \/>\n<meta name=\"twitter:site\" content=\"@concentus21\" \/>\n<meta name=\"twitter:label1\" content=\"Est. reading time\" \/>\n\t<meta name=\"twitter:data1\" content=\"3 minutes\" \/>\n<script type=\"application\/ld+json\" class=\"yoast-schema-graph\">{\"@context\":\"https:\\\/\\\/schema.org\",\"@graph\":[{\"@type\":\"WebPage\",\"@id\":\"https:\\\/\\\/www.concentus21.at\\\/mitspielen\\\/\",\"url\":\"https:\\\/\\\/www.concentus21.at\\\/mitspielen\\\/\",\"name\":\"Mitspielen im Orchester Concentus21 Wien - So geht's!\",\"isPartOf\":{\"@id\":\"https:\\\/\\\/www.concentus21.at\\\/en\\\/#website\"},\"primaryImageOfPage\":{\"@id\":\"https:\\\/\\\/www.concentus21.at\\\/mitspielen\\\/#primaryimage\"},\"image\":{\"@id\":\"https:\\\/\\\/www.concentus21.at\\\/mitspielen\\\/#primaryimage\"},\"thumbnailUrl\":\"https:\\\/\\\/www.concentus21.at\\\/wp-content\\\/uploads\\\/2019\\\/11\\\/2-Mitspieler-gesucht-page-001.jpg\",\"datePublished\":\"2017-11-05T08:52:46+00:00\",\"dateModified\":\"2026-01-26T08:20:47+00:00\",\"description\":\"Sie m\u00f6chten bei uns mitspielen und Mitglied im Orchester Concentus21 werden? Dann nehmen Sie Kontakt mit uns auf.\",\"breadcrumb\":{\"@id\":\"https:\\\/\\\/www.concentus21.at\\\/mitspielen\\\/#breadcrumb\"},\"inLanguage\":\"en-US\",\"potentialAction\":[{\"@type\":\"ReadAction\",\"target\":[\"https:\\\/\\\/www.concentus21.at\\\/mitspielen\\\/\"]}]},{\"@type\":\"ImageObject\",\"inLanguage\":\"en-US\",\"@id\":\"https:\\\/\\\/www.concentus21.at\\\/mitspielen\\\/#primaryimage\",\"url\":\"https:\\\/\\\/www.concentus21.at\\\/wp-content\\\/uploads\\\/2019\\\/11\\\/2-Mitspieler-gesucht-page-001.jpg\",\"contentUrl\":\"https:\\\/\\\/www.concentus21.at\\\/wp-content\\\/uploads\\\/2019\\\/11\\\/2-Mitspieler-gesucht-page-001.jpg\",\"width\":1794,\"height\":1288},{\"@type\":\"BreadcrumbList\",\"@id\":\"https:\\\/\\\/www.concentus21.at\\\/mitspielen\\\/#breadcrumb\",\"itemListElement\":[{\"@type\":\"ListItem\",\"position\":1,\"name\":\"Startseite\",\"item\":\"https:\\\/\\\/www.concentus21.at\\\/\"},{\"@type\":\"ListItem\",\"position\":2,\"name\":\"Mitglied werden im Orchester Concentus21\"}]},{\"@type\":\"WebSite\",\"@id\":\"https:\\\/\\\/www.concentus21.at\\\/en\\\/#website\",\"url\":\"https:\\\/\\\/www.concentus21.at\\\/en\\\/\",\"name\":\"Concentus21\",\"description\":\"Orchesterverein in Wien gegr\u00fcndet 2004\",\"publisher\":{\"@id\":\"https:\\\/\\\/www.concentus21.at\\\/en\\\/#organization\"},\"potentialAction\":[{\"@type\":\"SearchAction\",\"target\":{\"@type\":\"EntryPoint\",\"urlTemplate\":\"https:\\\/\\\/www.concentus21.at\\\/en\\\/?s={search_term_string}\"},\"query-input\":{\"@type\":\"PropertyValueSpecification\",\"valueRequired\":true,\"valueName\":\"search_term_string\"}}],\"inLanguage\":\"en-US\"},{\"@type\":\"Organization\",\"@id\":\"https:\\\/\\\/www.concentus21.at\\\/en\\\/#organization\",\"name\":\"Concentus21\",\"url\":\"https:\\\/\\\/www.concentus21.at\\\/en\\\/\",\"logo\":{\"@type\":\"ImageObject\",\"inLanguage\":\"en-US\",\"@id\":\"https:\\\/\\\/www.concentus21.at\\\/en\\\/#\\\/schema\\\/logo\\\/image\\\/\",\"url\":\"https:\\\/\\\/www.concentus21.at\\\/wp-content\\\/uploads\\\/2018\\\/03\\\/cropped-concentus-weiss.jpg\",\"contentUrl\":\"https:\\\/\\\/www.concentus21.at\\\/wp-content\\\/uploads\\\/2018\\\/03\\\/cropped-concentus-weiss.jpg\",\"width\":1584,\"height\":393,\"caption\":\"Concentus21\"},\"image\":{\"@id\":\"https:\\\/\\\/www.concentus21.at\\\/en\\\/#\\\/schema\\\/logo\\\/image\\\/\"},\"sameAs\":[\"http:\\\/\\\/www.facebook.com\\\/concentus21\",\"https:\\\/\\\/x.com\\\/concentus21\",\"https:\\\/\\\/www.instagram.com\\\/concentus21_wien\\\/\",\"https:\\\/\\\/www.youtube.com\\\/@concentus21wien86\"]}]}<\/script>\n<!-- \/ Yoast SEO plugin. -->","yoast_head_json":{"title":"Mitspielen im Orchester Concentus21 Wien - So geht's!","description":"Sie m\u00f6chten bei uns mitspielen und Mitglied im Orchester Concentus21 werden? Dann nehmen Sie Kontakt mit uns auf.","robots":{"index":"index","follow":"follow","max-snippet":"max-snippet:-1","max-image-preview":"max-image-preview:large","max-video-preview":"max-video-preview:-1"},"canonical":"https:\/\/www.concentus21.at\/en\/mitspielen\/","og_locale":"en_US","og_type":"article","og_title":"Mitspielen im Orchester Concentus21 Wien - So geht's!","og_description":"Sie m\u00f6chten bei uns mitspielen und Mitglied im Orchester Concentus21 werden? Dann nehmen Sie Kontakt mit uns auf.","og_url":"https:\/\/www.concentus21.at\/en\/mitspielen\/","og_site_name":"Orchesterverein Concentus21","article_publisher":"http:\/\/www.facebook.com\/concentus21","article_modified_time":"2026-01-26T08:20:47+00:00","og_image":[{"width":1794,"height":1288,"url":"https:\/\/www.concentus21.at\/wp-content\/uploads\/2019\/11\/2-Mitspieler-gesucht-page-001.jpg","type":"image\/jpeg"}],"twitter_card":"summary_large_image","twitter_site":"@concentus21","twitter_misc":{"Est. reading time":"3 minutes"},"schema":{"@context":"https:\/\/schema.org","@graph":[{"@type":"WebPage","@id":"https:\/\/www.concentus21.at\/mitspielen\/","url":"https:\/\/www.concentus21.at\/mitspielen\/","name":"Mitspielen im Orchester Concentus21 Wien - So geht's!","isPartOf":{"@id":"https:\/\/www.concentus21.at\/en\/#website"},"primaryImageOfPage":{"@id":"https:\/\/www.concentus21.at\/mitspielen\/#primaryimage"},"image":{"@id":"https:\/\/www.concentus21.at\/mitspielen\/#primaryimage"},"thumbnailUrl":"https:\/\/www.concentus21.at\/wp-content\/uploads\/2019\/11\/2-Mitspieler-gesucht-page-001.jpg","datePublished":"2017-11-05T08:52:46+00:00","dateModified":"2026-01-26T08:20:47+00:00","description":"Sie m\u00f6chten bei uns mitspielen und Mitglied im Orchester Concentus21 werden? Dann nehmen Sie Kontakt mit uns auf.","breadcrumb":{"@id":"https:\/\/www.concentus21.at\/mitspielen\/#breadcrumb"},"inLanguage":"en-US","potentialAction":[{"@type":"ReadAction","target":["https:\/\/www.concentus21.at\/mitspielen\/"]}]},{"@type":"ImageObject","inLanguage":"en-US","@id":"https:\/\/www.concentus21.at\/mitspielen\/#primaryimage","url":"https:\/\/www.concentus21.at\/wp-content\/uploads\/2019\/11\/2-Mitspieler-gesucht-page-001.jpg","contentUrl":"https:\/\/www.concentus21.at\/wp-content\/uploads\/2019\/11\/2-Mitspieler-gesucht-page-001.jpg","width":1794,"height":1288},{"@type":"BreadcrumbList","@id":"https:\/\/www.concentus21.at\/mitspielen\/#breadcrumb","itemListElement":[{"@type":"ListItem","position":1,"name":"Startseite","item":"https:\/\/www.concentus21.at\/"},{"@type":"ListItem","position":2,"name":"Mitglied werden im Orchester Concentus21"}]},{"@type":"WebSite","@id":"https:\/\/www.concentus21.at\/en\/#website","url":"https:\/\/www.concentus21.at\/en\/","name":"Concentus21","description":"Orchesterverein in Wien gegr\u00fcndet 2004","publisher":{"@id":"https:\/\/www.concentus21.at\/en\/#organization"},"potentialAction":[{"@type":"SearchAction","target":{"@type":"EntryPoint","urlTemplate":"https:\/\/www.concentus21.at\/en\/?s={search_term_string}"},"query-input":{"@type":"PropertyValueSpecification","valueRequired":true,"valueName":"search_term_string"}}],"inLanguage":"en-US"},{"@type":"Organization","@id":"https:\/\/www.concentus21.at\/en\/#organization","name":"Concentus21","url":"https:\/\/www.concentus21.at\/en\/","logo":{"@type":"ImageObject","inLanguage":"en-US","@id":"https:\/\/www.concentus21.at\/en\/#\/schema\/logo\/image\/","url":"https:\/\/www.concentus21.at\/wp-content\/uploads\/2018\/03\/cropped-concentus-weiss.jpg","contentUrl":"https:\/\/www.concentus21.at\/wp-content\/uploads\/2018\/03\/cropped-concentus-weiss.jpg","width":1584,"height":393,"caption":"Concentus21"},"image":{"@id":"https:\/\/www.concentus21.at\/en\/#\/schema\/logo\/image\/"},"sameAs":["http:\/\/www.facebook.com\/concentus21","https:\/\/x.com\/concentus21","https:\/\/www.instagram.com\/concentus21_wien\/","https:\/\/www.youtube.com\/@concentus21wien86"]}]}},"coauthors":[],"author_meta":{"author_link":"https:\/\/www.concentus21.at\/en\/author\/admin\/","display_name":"Concentus21"},"relative_dates":{"created":"Posted 8 years ago","modified":"Updated 2 months ago"},"absolute_dates":{"created":"Posted on 5. November 2017","modified":"Updated on 26. January 2026"},"absolute_dates_time":{"created":"Posted on 5. November 2017 9:52","modified":"Updated on 26. January 2026 9:20"},"featured_img_caption":"","featured_img":"https:\/\/www.concentus21.at\/wp-content\/uploads\/2019\/11\/2-Mitspieler-gesucht-page-001.jpg","series_order":"","_links":{"self":[{"href":"https:\/\/www.concentus21.at\/en\/wp-json\/wp\/v2\/pages\/858","targetHints":{"allow":["GET"]}}],"collection":[{"href":"https:\/\/www.concentus21.at\/en\/wp-json\/wp\/v2\/pages"}],"about":[{"href":"https:\/\/www.concentus21.at\/en\/wp-json\/wp\/v2\/types\/page"}],"author":[{"embeddable":true,"href":"https:\/\/www.concentus21.at\/en\/wp-json\/wp\/v2\/users\/1"}],"replies":[{"embeddable":true,"href":"https:\/\/www.concentus21.at\/en\/wp-json\/wp\/v2\/comments?post=858"}],"version-history":[{"count":1,"href":"https:\/\/www.concentus21.at\/en\/wp-json\/wp\/v2\/pages\/858\/revisions"}],"predecessor-version":[{"id":15889,"href":"https:\/\/www.concentus21.at\/en\/wp-json\/wp\/v2\/pages\/858\/revisions\/15889"}],"wp:featuredmedia":[{"embeddable":true,"href":"https:\/\/www.concentus21.at\/en\/wp-json\/wp\/v2\/media\/3465"}],"wp:attachment":[{"href":"https:\/\/www.concentus21.at\/en\/wp-json\/wp\/v2\/media?parent=858"}],"curies":[{"name":"wp","href":"https:\/\/api.w.org\/{rel}","templated":true}]}}